{"id":1705,"date":"2025-11-10T09:19:12","date_gmt":"2025-11-10T09:19:12","guid":{"rendered":"https:\/\/dev.anduslim.com\/politica-de-devolucao\/"},"modified":"2025-11-12T08:13:45","modified_gmt":"2025-11-12T08:13:45","slug":"politica-de-devolucao","status":"publish","type":"page","link":"https:\/\/dev.anduslim.com\/pt-pt\/politica-de-devolucao\/","title":{"rendered":"Pol\u00edtica de devolu\u00e7\u00e3o"},"content":{"rendered":"\n<p><\/p>\n\n\n\n<p><\/p>\n","protected":false},"excerpt":{"rendered":"","protected":false},"author":1,"featured_media":0,"parent":0,"menu_order":0,"comment_status":"closed","ping_status":"closed","template":"","meta":{"footnotes":""},"class_list":["post-1705","page","type-page","status-publish","hentry"],"_links":{"self":[{"href":"https:\/\/dev.anduslim.com\/pt-pt\/wp-json\/wp\/v2\/pages\/1705","targetHints":{"allow":["GET"]}}],"collection":[{"href":"https:\/\/dev.anduslim.com\/pt-pt\/wp-json\/wp\/v2\/pages"}],"about":[{"href":"https:\/\/dev.anduslim.com\/pt-pt\/wp-json\/wp\/v2\/types\/page"}],"author":[{"embeddable":true,"href":"https:\/\/dev.anduslim.com\/pt-pt\/wp-json\/wp\/v2\/users\/1"}],"replies":[{"embeddable":true,"href":"https:\/\/dev.anduslim.com\/pt-pt\/wp-json\/wp\/v2\/comments?post=1705"}],"version-history":[{"count":1,"href":"https:\/\/dev.anduslim.com\/pt-pt\/wp-json\/wp\/v2\/pages\/1705\/revisions"}],"predecessor-version":[{"id":1707,"href":"https:\/\/dev.anduslim.com\/pt-pt\/wp-json\/wp\/v2\/pages\/1705\/revisions\/1707"}],"wp:attachment":[{"href":"https:\/\/dev.anduslim.com\/pt-pt\/wp-json\/wp\/v2\/media?parent=1705"}],"curies":[{"name":"wp","href":"https:\/\/api.w.org\/{rel}","templated":true}]}}